{"id":3100,"date":"2016-10-18T08:39:46","date_gmt":"2016-10-18T08:39:46","guid":{"rendered":"\/?page_id=3100"},"modified":"2025-08-20T13:15:39","modified_gmt":"2025-08-20T13:15:39","slug":"varukorg","status":"publish","type":"page","link":"https:\/\/jonasmelchersonlab.se\/en\/shop\/varukorg\/","title":{"rendered":"Shopping cart"},"content":{"rendered":"<div data-elementor-type=\"wp-page\" data-elementor-id=\"3100\" class=\"elementor elementor-3100\" data-elementor-settings=\"{&quot;element_pack_global_tooltip_width&quot;:{&quot;unit&quot;:&quot;px&quot;,&quot;size&quot;:&quot;&quot;,&quot;sizes&quot;:[]},&quot;element_pack_global_tooltip_width_widescreen&quot;:{&quot;unit&quot;:&quot;px&quot;,&quot;size&quot;:&quot;&quot;,&quot;sizes&quot;:[]},&quot;element_pack_global_tooltip_width_tablet&quot;:{&quot;unit&quot;:&quot;px&quot;,&quot;size&quot;:&quot;&quot;,&quot;sizes&quot;:[]},&quot;element_pack_global_tooltip_width_mobile&quot;:{&quot;unit&quot;:&quot;px&quot;,&quot;size&quot;:&quot;&quot;,&quot;sizes&quot;:[]},&quot;element_pack_global_tooltip_padding&quot;:{&quot;unit&quot;:&quot;px&quot;,&quot;top&quot;:&quot;&quot;,&quot;right&quot;:&quot;&quot;,&quot;bottom&quot;:&quot;&quot;,&quot;left&quot;:&quot;&quot;,&quot;isLinked&quot;:true},&quot;element_pack_global_tooltip_padding_widescreen&quot;:{&quot;unit&quot;:&quot;px&quot;,&quot;top&quot;:&quot;&quot;,&quot;right&quot;:&quot;&quot;,&quot;bottom&quot;:&quot;&quot;,&quot;left&quot;:&quot;&quot;,&quot;isLinked&quot;:true},&quot;element_pack_global_tooltip_padding_tablet&quot;:{&quot;unit&quot;:&quot;px&quot;,&quot;top&quot;:&quot;&quot;,&quot;right&quot;:&quot;&quot;,&quot;bottom&quot;:&quot;&quot;,&quot;left&quot;:&quot;&quot;,&quot;isLinked&quot;:true},&quot;element_pack_global_tooltip_padding_mobile&quot;:{&quot;unit&quot;:&quot;px&quot;,&quot;top&quot;:&quot;&quot;,&quot;right&quot;:&quot;&quot;,&quot;bottom&quot;:&quot;&quot;,&quot;left&quot;:&quot;&quot;,&quot;isLinked&quot;:true},&quot;element_pack_global_tooltip_border_radius&quot;:{&quot;unit&quot;:&quot;px&quot;,&quot;top&quot;:&quot;&quot;,&quot;right&quot;:&quot;&quot;,&quot;bottom&quot;:&quot;&quot;,&quot;left&quot;:&quot;&quot;,&quot;isLinked&quot;:true},&quot;element_pack_global_tooltip_border_radius_widescreen&quot;:{&quot;unit&quot;:&quot;px&quot;,&quot;top&quot;:&quot;&quot;,&quot;right&quot;:&quot;&quot;,&quot;bottom&quot;:&quot;&quot;,&quot;left&quot;:&quot;&quot;,&quot;isLinked&quot;:true},&quot;element_pack_global_tooltip_border_radius_tablet&quot;:{&quot;unit&quot;:&quot;px&quot;,&quot;top&quot;:&quot;&quot;,&quot;right&quot;:&quot;&quot;,&quot;bottom&quot;:&quot;&quot;,&quot;left&quot;:&quot;&quot;,&quot;isLinked&quot;:true},&quot;element_pack_global_tooltip_border_radius_mobile&quot;:{&quot;unit&quot;:&quot;px&quot;,&quot;top&quot;:&quot;&quot;,&quot;right&quot;:&quot;&quot;,&quot;bottom&quot;:&quot;&quot;,&quot;left&quot;:&quot;&quot;,&quot;isLinked&quot;:true}}\" data-elementor-post-type=\"page\">\n\t\t\t\t<div class=\"elementor-element elementor-element-3c3a0d5 e-flex e-con-boxed e-con e-parent\" data-id=\"3c3a0d5\" data-element_type=\"container\" data-settings=\"{&quot;background_background&quot;:&quot;classic&quot;}\">\n\t\t\t\t\t<div class=\"e-con-inner\">\n\t\t<div class=\"elementor-element elementor-element-453aee1 e-con-full e-flex e-con e-child\" data-id=\"453aee1\" data-element_type=\"container\">\n\t\t\t\t<div class=\"elementor-element elementor-element-115958e elementor-widget elementor-widget-woocommerce-breadcrumb\" data-id=\"115958e\" data-element_type=\"widget\" data-widget_type=\"woocommerce-breadcrumb.default\">\n\t\t\t\t\t<nav class=\"woocommerce-breadcrumb\" aria-label=\"Breadcrumb\" data-no-translation=\"\" data-trp-gettext=\"\">Home<\/nav>\t\t\t\t<\/div>\n\t\t\t\t<div class=\"elementor-element elementor-element-3f625e0 elementor-widget elementor-widget-global elementor-global-11891 elementor-widget-spacer\" data-id=\"3f625e0\" data-element_type=\"widget\" data-widget_type=\"spacer.default\">\n\t\t\t\t\t\t\t<div class=\"elementor-spacer\">\n\t\t\t<div class=\"elementor-spacer-inner\"><\/div>\n\t\t<\/div>\n\t\t\t\t\t\t<\/div>\n\t\t\t\t<div class=\"elementor-element elementor-element-3938822 elementor-widget elementor-widget-heading\" data-id=\"3938822\" data-element_type=\"widget\" data-widget_type=\"heading.default\">\n\t\t\t\t\t<h1 class=\"elementor-heading-title elementor-size-default\">Shopping cart<\/h1>\t\t\t\t<\/div>\n\t\t\t\t<div class=\"elementor-element elementor-element-a5df8cc elementor-widget elementor-widget-global elementor-global-11891 elementor-widget-spacer\" data-id=\"a5df8cc\" data-element_type=\"widget\" data-widget_type=\"spacer.default\">\n\t\t\t\t\t\t\t<div class=\"elementor-spacer\">\n\t\t\t<div class=\"elementor-spacer-inner\"><\/div>\n\t\t<\/div>\n\t\t\t\t\t\t<\/div>\n\t\t\t\t<div class=\"elementor-element elementor-element-90f865d elementor-widget elementor-widget-global elementor-global-11891 elementor-widget-spacer\" data-id=\"90f865d\" data-element_type=\"widget\" data-widget_type=\"spacer.default\">\n\t\t\t\t\t\t\t<div class=\"elementor-spacer\">\n\t\t\t<div class=\"elementor-spacer-inner\"><\/div>\n\t\t<\/div>\n\t\t\t\t\t\t<\/div>\n\t\t\t\t<\/div>\n\t\t\t\t\t<\/div>\n\t\t\t\t<\/div>\n\t\t\t\t<\/div>","protected":false},"excerpt":{"rendered":"<p>Ta bort artikel Miniatyrbild Produkt Pris Antal Delsumma &times; Body Storlekar: 110-120 cl 510&nbsp;&#107;&#114; Body &#8211; 110-120 cl m\u00e4ngd 510&nbsp;&#107;&#114; Uppdatera varukorg Till\u00e4mpa rabattkod Varukorg totalt Delsumma 510&nbsp;&#107;&#114; Frakt Fraktkostnader ber\u00e4knas i kassan. Totalt 510&nbsp;&#107;&#114; (inkl. 102&nbsp;&#107;&#114; moms (25%)) Forts\u00e4tt till kassan<\/p>","protected":false},"author":1,"featured_media":0,"parent":24,"menu_order":61,"comment_status":"closed","ping_status":"closed","template":"","meta":{"_acf_changed":false,"footnotes":""},"categories":[54],"tags":[],"sidmall":[255],"wf_page_folders":[],"class_list":["post-3100","page","type-page","status-publish","hentry","category-shop","sidmall-ingen-mall-alls-gor-all-layout-sjalv-t-ex-startsidan"],"acf":[],"_links":{"self":[{"href":"https:\/\/jonasmelchersonlab.se\/en\/wp-json\/wp\/v2\/pages\/3100","targetHints":{"allow":["GET"]}}],"collection":[{"href":"https:\/\/jonasmelchersonlab.se\/en\/wp-json\/wp\/v2\/pages"}],"about":[{"href":"https:\/\/jonasmelchersonlab.se\/en\/wp-json\/wp\/v2\/types\/page"}],"author":[{"embeddable":true,"href":"https:\/\/jonasmelchersonlab.se\/en\/wp-json\/wp\/v2\/users\/1"}],"replies":[{"embeddable":true,"href":"https:\/\/jonasmelchersonlab.se\/en\/wp-json\/wp\/v2\/comments?post=3100"}],"version-history":[{"count":18,"href":"https:\/\/jonasmelchersonlab.se\/en\/wp-json\/wp\/v2\/pages\/3100\/revisions"}],"predecessor-version":[{"id":13027,"href":"https:\/\/jonasmelchersonlab.se\/en\/wp-json\/wp\/v2\/pages\/3100\/revisions\/13027"}],"up":[{"embeddable":true,"href":"https:\/\/jonasmelchersonlab.se\/en\/wp-json\/wp\/v2\/pages\/24"}],"wp:attachment":[{"href":"https:\/\/jonasmelchersonlab.se\/en\/wp-json\/wp\/v2\/media?parent=3100"}],"wp:term":[{"taxonomy":"category","embeddable":true,"href":"https:\/\/jonasmelchersonlab.se\/en\/wp-json\/wp\/v2\/categories?post=3100"},{"taxonomy":"post_tag","embeddable":true,"href":"https:\/\/jonasmelchersonlab.se\/en\/wp-json\/wp\/v2\/tags?post=3100"},{"taxonomy":"sidmall","embeddable":true,"href":"https:\/\/jonasmelchersonlab.se\/en\/wp-json\/wp\/v2\/sidmall?post=3100"},{"taxonomy":"wf_page_folders","embeddable":true,"href":"https:\/\/jonasmelchersonlab.se\/en\/wp-json\/wp\/v2\/wf_page_folders?post=3100"}],"curies":[{"name":"wp","href":"https:\/\/api.w.org\/{rel}","templated":true}]}}