{"id":3352,"date":"2016-10-31T13:13:49","date_gmt":"2016-10-31T13:13:49","guid":{"rendered":"\/?page_id=3352"},"modified":"2024-04-05T09:37:27","modified_gmt":"2024-04-05T09:37:27","slug":"villkor-for-internetkop","status":"publish","type":"page","link":"https:\/\/jonasmelchersonlab.se\/en\/villkor-for-internetkop\/","title":{"rendered":"Villkor f\u00f6r internetk\u00f6p"},"content":{"rendered":"<p><strong>Villkor f\u00f6r internetk\u00f6p<\/strong><\/p>\n<p><strong>Bekr\u00e4ftelse<\/strong><\/p>\n<p>N\u00e4r din best\u00e4llning behandlas f\u00e5r du en bekr\u00e4ftelse med e-post till den e-postaddress som du anger vid k\u00f6pet. Du f\u00e5r \u00e4ven\u00a0automatisk en bekr\u00e4ftelse p\u00e5 att ditt k\u00f6p g\u00e5tt igenom.<\/p>\n<p><strong>Leverans<\/strong><\/p>\n<p>Normalt levereras de varor du k\u00f6per till den gymnastiklektion dirt barn g\u00e5r p\u00e5. D\u00e4rf\u00f6r ber vi dig att ange lektion n\u00e4r du slutf\u00f6r best\u00e4llningen. Ett annat alternativ \u00e4r att h\u00e4mta upp varorna p\u00e5 v\u00e5rt kontor, Torsvikssv\u00e4ngen 6 under kontorstid. Mejla i s\u00e5 fall <a href=\"mailto:info@lidingogymnastikskola.se\">info@lidingogymnastikskola.se<\/a> eller ring 08-765 49 00 f\u00f6r att vara s\u00e4ker p\u00e5 att vi \u00e4r d\u00e4r n\u00e4r du kommer.<\/p>\n<p><strong>Retur och byte<\/strong><\/p>\n<p>Vid byte, retur eller reklamation g\u00e5r vi efter Konsumentverkets regler f\u00f6r e-handel.<\/p>\n<p>Liding\u00f6 Gymnastikskola till\u00e4mpar full bytesr\u00e4tt, best\u00e4ll d\u00e4rf\u00f6r inte fler plagg \u00e4n du beh\u00f6ver om du \u00e4r os\u00e4ker p\u00e5 storleken. Beh\u00f6ver ni byta varan mailar du till <a href=\"mailto:info@lidingogymnastikskola.se\">info@lidingogymnastikskola.se<\/a>.<\/p>\n<p>Betalning och leverans av varor fr\u00e5n webbutiken\u00a0f\u00f6ljer lagen om\u00a0distansavtal och avtal utanf\u00f6r aff\u00e4rslokaler (2005: 59).<\/p>\n<p><strong>Betalningar via Payer<\/strong><\/p>\n<p>Payer Financial Services AB \u00e4r en registrerad betaltj\u00e4nstleverant\u00f6r under Finansinspektionens tillsyn\u00a0och \u00e4r PCI-certifierad enligt PCI DSS Level 1 och godk\u00e4nd av VISA och MasterCard. Payer Checkout \u00e4r\u00a0en komplett, s\u00e4ker och god betall\u00f6sning. Den som k\u00f6per f\u00e5r alltid v\u00e4lja betals\u00e4tt innan k\u00f6pet slutf\u00f6rs\u00a0och valfriheten maximeras. I Payer Checkout finns betals\u00e4tten kort, faktura, sms, mobil-, direkt- eller\u00a0delbetalning. L\u00e4s mer om Payer Checkout p\u00e5 payer.se<\/p>\n<p><strong>Kortbetalning<\/strong><\/p>\n<p>V\u00e5ra kortbetalningar hanteras av v\u00e5r betalningspartner Payer Financial Services AB f\u00f6r att garantera\u00a0snabb och s\u00e4ker betalning.\u00a0Payer \u00e4r PCI-certifierad enligt PCI DSS Level 1 och godk\u00e4nd av VISA och\u00a0MasterCard f\u00f6r att tillhandah\u00e5lla korttransaktioner \u00f6ver Internet. F\u00f6r \u00f6kad s\u00e4kerhet anv\u00e4nder vi 3D-\u00a0Secure som \u00e4r en global s\u00e4kerhetsstandard framtagen av VISA och Mastercard f\u00f6r betalningar \u00f6ver\u00a0Internet. \u00d6verf\u00f6ringen av information \u00e4r krypterad med SSL-Secure Socket Layer-128 bitars\u00a0kryptering och sker i Payers betalf\u00f6nster, d\u00e4r inga uppgifter \u00e4r tillg\u00e4ngliga f\u00f6r butiken. Ingen avgift f\u00f6r\u00a0kortbetalning tillkommer.<\/p>\n<p><strong>Direktbanksbetalning<\/strong><\/p>\n<p>N\u00e4r du v\u00e4ljer att betala via betals\u00e4ttet direktbanksbetalning loggar du in via din bank och betalningen\u00a0blir genomf\u00f6rd direkt med hj\u00e4lp av Payer Financial Services AB som samarbetar med banken. Du kan\u00a0v\u00e4lja att betala hela orderv\u00e4rdet genom direktbetalning om du \u00e4r internetkund hos Handelsbanken\u00a0och Swedbank. En direktbetalning bokf\u00f6rs omg\u00e5ende hos oss. Det tillkommer inte n\u00e5gon avgift och\u00a0\u00f6verf\u00f6ringen av information \u00e4r krypterad med SSL-Secure Socket Layer-128 bitars kryptering och sker\u00a0i Payers betalf\u00f6nster.<\/p>\n<h4>General Data Protection Regulation (GDPR)<\/h4>\n<p>Liding\u00f6 Gymnastikskola anv\u00e4nder enbart den insamlade informationen\/kontaktuppgifter f\u00f6r internt administrativt bruk i samband med k\u00f6pet. Inga uppgifter l\u00e4mnas ut externt eller till tredje part i n\u00e5got sammanhang. Uppgifterna lagras p\u00e5 s\u00e4kert s\u00e4tt och anv\u00e4nds enbart f\u00f6r att kommunicera med uppgiftsl\u00e4mnaren i \u00e4renden g\u00e4llande k\u00f6pet.<\/p>\n<p>When the applicant notifies us that he or his minor child no longer wishes to remain in our register upon completion of the course or for future inquiries, we delete the information.<\/p>\n<p>I och med att leveransinformationen fylls i s\u00e5 samtycker ocks\u00e5 till att uppgifterna anv\u00e4nds p\u00e5 ovan angivet vis.<\/p>\n<p><strong>Force Majeur<\/strong><\/p>\n<p>Liding\u00f6 Gymnastikskolas webshop \u00e4r befriad fr\u00e5n p\u00e5f\u00f6ljd f\u00f6r underl\u00e5tenhet att fullg\u00f6ra viss f\u00f6rpliktelse enligt detta avtal, om underl\u00e5tenheten har sin grund i befriande omst\u00e4ndighet enligt nedan och omst\u00e4ndigheten f\u00f6rhindrar, f\u00f6rsv\u00e5rar eller f\u00f6rsenar fullg\u00f6randet.<\/p>\n<p>S\u00e5som befriande omst\u00e4ndighet skall anses bl.a. myndighets \u00e5tg\u00e4rd eller underl\u00e5tenhet, nytillkommen eller \u00e4ndrad lagstiftning, konflikt p\u00e5 arbetsmarknaden, blockad, brand, \u00f6versv\u00e4mning, sabotage, olycksh\u00e4ndelse av st\u00f6rre omfattning eller annan typ av naturkatastrof.<\/p>\n<p>I force majeure ing\u00e5r myndighets beslut som p\u00e5verkar marknad och produkter negativt, t.ex. restriktioner i indikation, varningstexter, f\u00f6rs\u00e4ljningsf\u00f6rbud etc, onormal nedg\u00e5ng i marknaden samt om bolaget utsetts f\u00f6r kriminell aktivitet som p\u00e5verkar verksamheten.<\/p>","protected":false},"excerpt":{"rendered":"<p>Villkor f\u00f6r internetk\u00f6p Bekr\u00e4ftelse N\u00e4r din best\u00e4llning behandlas f\u00e5r du en bekr\u00e4ftelse med e-post till den e-postaddress som du anger vid k\u00f6pet. Du f\u00e5r \u00e4ven\u00a0automatisk en bekr\u00e4ftelse p\u00e5 att ditt k\u00f6p g\u00e5tt igenom. Leverans Normalt levereras de varor du k\u00f6per till den gymnastiklektion dirt barn g\u00e5r p\u00e5. D\u00e4rf\u00f6r ber vi dig att ange lektion n\u00e4r [&hellip;]<\/p>","protected":false},"author":1,"featured_media":0,"parent":0,"menu_order":63,"comment_status":"closed","ping_status":"closed","template":"","meta":{"_acf_changed":false,"footnotes":""},"categories":[54],"tags":[],"sidmall":[],"wf_page_folders":[],"class_list":["post-3352","page","type-page","status-publish","hentry","category-shop"],"acf":[],"_links":{"self":[{"href":"https:\/\/jonasmelchersonlab.se\/en\/wp-json\/wp\/v2\/pages\/3352","targetHints":{"allow":["GET"]}}],"collection":[{"href":"https:\/\/jonasmelchersonlab.se\/en\/wp-json\/wp\/v2\/pages"}],"about":[{"href":"https:\/\/jonasmelchersonlab.se\/en\/wp-json\/wp\/v2\/types\/page"}],"author":[{"embeddable":true,"href":"https:\/\/jonasmelchersonlab.se\/en\/wp-json\/wp\/v2\/users\/1"}],"replies":[{"embeddable":true,"href":"https:\/\/jonasmelchersonlab.se\/en\/wp-json\/wp\/v2\/comments?post=3352"}],"version-history":[{"count":0,"href":"https:\/\/jonasmelchersonlab.se\/en\/wp-json\/wp\/v2\/pages\/3352\/revisions"}],"wp:attachment":[{"href":"https:\/\/jonasmelchersonlab.se\/en\/wp-json\/wp\/v2\/media?parent=3352"}],"wp:term":[{"taxonomy":"category","embeddable":true,"href":"https:\/\/jonasmelchersonlab.se\/en\/wp-json\/wp\/v2\/categories?post=3352"},{"taxonomy":"post_tag","embeddable":true,"href":"https:\/\/jonasmelchersonlab.se\/en\/wp-json\/wp\/v2\/tags?post=3352"},{"taxonomy":"sidmall","embeddable":true,"href":"https:\/\/jonasmelchersonlab.se\/en\/wp-json\/wp\/v2\/sidmall?post=3352"},{"taxonomy":"wf_page_folders","embeddable":true,"href":"https:\/\/jonasmelchersonlab.se\/en\/wp-json\/wp\/v2\/wf_page_folders?post=3352"}],"curies":[{"name":"wp","href":"https:\/\/api.w.org\/{rel}","templated":true}]}}