{"id":3060,"date":"2018-11-04T13:22:27","date_gmt":"2018-11-04T13:22:27","guid":{"rendered":"http:\/\/www.lidingogymnastikskola.se\/?post_type=product&amp;p=3060"},"modified":"2018-11-04T13:22:27","modified_gmt":"2018-11-04T13:22:27","slug":"body","status":"publish","type":"product","link":"https:\/\/jonasmelchersonlab.se\/en\/shop\/body\/","title":{"rendered":"Bodysuit"},"content":{"rendered":"<p>V\u00e5r body i m\u00f6rkbl\u00e5 lycra. Den \u00e4r\u00a0s\u00e4rskilt framtagen som alternativ f\u00f6r pojkar, men \u00e4r en unisexmodell.<\/p>\n<p>&nbsp;<\/p>","protected":false},"excerpt":{"rendered":"<p>V\u00e5r body i m\u00f6rkbl\u00e5 lycra. Den \u00e4r\u00a0s\u00e4rskilt framtagen som alternativ f\u00f6r pojkar, men \u00e4r en unisexmodell.<\/p>","protected":false},"featured_media":3486,"template":"","meta":{"_acf_changed":false},"product_brand":[],"product_cat":[105],"product_tag":[],"class_list":{"0":"post-3060","1":"product","2":"type-product","3":"status-publish","4":"has-post-thumbnail","6":"product_cat-varor","8":"first","9":"instock","10":"taxable","11":"shipping-taxable","12":"purchasable","13":"product-type-variable"},"acf":[],"_links":{"self":[{"href":"https:\/\/jonasmelchersonlab.se\/en\/wp-json\/wp\/v2\/product\/3060","targetHints":{"allow":["GET"]}}],"collection":[{"href":"https:\/\/jonasmelchersonlab.se\/en\/wp-json\/wp\/v2\/product"}],"about":[{"href":"https:\/\/jonasmelchersonlab.se\/en\/wp-json\/wp\/v2\/types\/product"}],"version-history":[{"count":0,"href":"https:\/\/jonasmelchersonlab.se\/en\/wp-json\/wp\/v2\/product\/3060\/revisions"}],"wp:featuredmedia":[{"embeddable":true,"href":"https:\/\/jonasmelchersonlab.se\/en\/wp-json\/wp\/v2\/media\/3486"}],"wp:attachment":[{"href":"https:\/\/jonasmelchersonlab.se\/en\/wp-json\/wp\/v2\/media?parent=3060"}],"wp:term":[{"taxonomy":"product_brand","embeddable":true,"href":"https:\/\/jonasmelchersonlab.se\/en\/wp-json\/wp\/v2\/product_brand?post=3060"},{"taxonomy":"product_cat","embeddable":true,"href":"https:\/\/jonasmelchersonlab.se\/en\/wp-json\/wp\/v2\/product_cat?post=3060"},{"taxonomy":"product_tag","embeddable":true,"href":"https:\/\/jonasmelchersonlab.se\/en\/wp-json\/wp\/v2\/product_tag?post=3060"}],"curies":[{"name":"wp","href":"https:\/\/api.w.org\/{rel}","templated":true}]}}