{"id":3981,"date":"2018-12-02T12:09:44","date_gmt":"2018-12-02T12:09:44","guid":{"rendered":"http:\/\/www.lidingogymnastikskola.se\/?post_type=product&amp;p=3981"},"modified":"2018-12-02T12:09:44","modified_gmt":"2018-12-02T12:09:44","slug":"gymnastikdrakt-i-slat-sammet","status":"publish","type":"product","link":"https:\/\/jonasmelchersonlab.se\/en\/shop\/gymnastikdrakt-i-slat-sammet\/","title":{"rendered":"Gymnastics suit in smooth velvet"},"content":{"rendered":"<p class=\"p1\"><span class=\"s1\">V\u00e5r egen gymnastikdr\u00e4kt i sl\u00e4t sammet.<\/span><\/p>\n<p class=\"p1\"><span class=\"s1\">Finns i storlekarna\u00a0<\/span><span class=\"s1\">100 &#8211; S<\/span><span class=\"s1\">\u00a0cl. Om ditt barn ligger mellan tv\u00e5 storlekar, v\u00e4lj den st\u00f6rre.<\/span><\/p>\n<p>&nbsp;<\/p>","protected":false},"excerpt":{"rendered":"<p class=\"p1\"><span class=\"s1\">V\u00e5r egen gymnastikdr\u00e4kt i sl\u00e4t sammet.<\/span><\/p>\n<p class=\"p1\"><span class=\"s1\">Finns i storlekarna\u00a0<\/span><span class=\"s1\">100 &#8211; S<\/span><span class=\"s1\">. Om ditt barn ligger mellan tv\u00e5 storlekar, v\u00e4lj den st\u00f6rre. <\/span><\/p>","protected":false},"featured_media":4762,"template":"","meta":{"_acf_changed":false},"product_brand":[],"product_cat":[105],"product_tag":[],"class_list":{"0":"post-3981","1":"product","2":"type-product","3":"status-publish","4":"has-post-thumbnail","6":"product_cat-varor","7":"product_shipping_class-hamta-i-gymnastiksalen","8":"pa_storlek-110-cl","9":"pa_storlek-122-cl","10":"pa_storlek-134-cl","11":"pa_storlek-146-cl","12":"pa_storlek-158-cl","13":"pa_storlek-170-cl","14":"pa_storlek-s","16":"first","17":"instock","18":"taxable","19":"shipping-taxable","20":"purchasable","21":"product-type-variable"},"acf":[],"_links":{"self":[{"href":"https:\/\/jonasmelchersonlab.se\/en\/wp-json\/wp\/v2\/product\/3981","targetHints":{"allow":["GET"]}}],"collection":[{"href":"https:\/\/jonasmelchersonlab.se\/en\/wp-json\/wp\/v2\/product"}],"about":[{"href":"https:\/\/jonasmelchersonlab.se\/en\/wp-json\/wp\/v2\/types\/product"}],"version-history":[{"count":0,"href":"https:\/\/jonasmelchersonlab.se\/en\/wp-json\/wp\/v2\/product\/3981\/revisions"}],"wp:featuredmedia":[{"embeddable":true,"href":"https:\/\/jonasmelchersonlab.se\/en\/wp-json\/wp\/v2\/media\/4762"}],"wp:attachment":[{"href":"https:\/\/jonasmelchersonlab.se\/en\/wp-json\/wp\/v2\/media?parent=3981"}],"wp:term":[{"taxonomy":"product_brand","embeddable":true,"href":"https:\/\/jonasmelchersonlab.se\/en\/wp-json\/wp\/v2\/product_brand?post=3981"},{"taxonomy":"product_cat","embeddable":true,"href":"https:\/\/jonasmelchersonlab.se\/en\/wp-json\/wp\/v2\/product_cat?post=3981"},{"taxonomy":"product_tag","embeddable":true,"href":"https:\/\/jonasmelchersonlab.se\/en\/wp-json\/wp\/v2\/product_tag?post=3981"}],"curies":[{"name":"wp","href":"https:\/\/api.w.org\/{rel}","templated":true}]}}