{"id":4370,"date":"2018-10-30T11:05:08","date_gmt":"2018-10-30T11:05:08","guid":{"rendered":"http:\/\/www.lidingogymnastikskola.se\/?post_type=product&amp;p=4370"},"modified":"2018-10-30T11:05:08","modified_gmt":"2018-10-30T11:05:08","slug":"gymnastikdrakt-i-slat-sammet-bla-rosa-special-edition","status":"publish","type":"product","link":"https:\/\/jonasmelchersonlab.se\/en\/shop\/gymnastikdrakt-i-slat-sammet-bla-rosa-special-edition\/","title":{"rendered":"Gymnastics suit in smooth velvet blue-pink"},"content":{"rendered":"<p><span class=\"s1\">V\u00e5r egen gymnastikdr\u00e4kt i sl\u00e4t sammet<\/span>.<\/p>\n<p><span class=\"s1\">Finns i storlekarna 134-S. Om ditt barn ligger mellan tv\u00e5 storlekar, v\u00e4lj den st\u00f6rre.<\/span><\/p>","protected":false},"excerpt":{"rendered":"<p><span class=\"s1\">V\u00e5r egen gymnastikdr\u00e4kt i sl\u00e4t sammet<\/span>.<\/p>\n<p><span class=\"s1\">Finns i storlekarna 134-S. Om ditt barn ligger mellan tv\u00e5 storlekar, v\u00e4lj den st\u00f6rre.<\/span><\/p>","protected":false},"featured_media":4763,"template":"","meta":{"_acf_changed":false},"product_brand":[],"product_cat":[105],"product_tag":[],"class_list":{"0":"post-4370","1":"product","2":"type-product","3":"status-publish","4":"has-post-thumbnail","6":"product_cat-varor","8":"first","9":"instock","10":"taxable","11":"shipping-taxable","12":"purchasable","13":"product-type-variable"},"acf":[],"_links":{"self":[{"href":"https:\/\/jonasmelchersonlab.se\/en\/wp-json\/wp\/v2\/product\/4370","targetHints":{"allow":["GET"]}}],"collection":[{"href":"https:\/\/jonasmelchersonlab.se\/en\/wp-json\/wp\/v2\/product"}],"about":[{"href":"https:\/\/jonasmelchersonlab.se\/en\/wp-json\/wp\/v2\/types\/product"}],"version-history":[{"count":0,"href":"https:\/\/jonasmelchersonlab.se\/en\/wp-json\/wp\/v2\/product\/4370\/revisions"}],"wp:featuredmedia":[{"embeddable":true,"href":"https:\/\/jonasmelchersonlab.se\/en\/wp-json\/wp\/v2\/media\/4763"}],"wp:attachment":[{"href":"https:\/\/jonasmelchersonlab.se\/en\/wp-json\/wp\/v2\/media?parent=4370"}],"wp:term":[{"taxonomy":"product_brand","embeddable":true,"href":"https:\/\/jonasmelchersonlab.se\/en\/wp-json\/wp\/v2\/product_brand?post=4370"},{"taxonomy":"product_cat","embeddable":true,"href":"https:\/\/jonasmelchersonlab.se\/en\/wp-json\/wp\/v2\/product_cat?post=4370"},{"taxonomy":"product_tag","embeddable":true,"href":"https:\/\/jonasmelchersonlab.se\/en\/wp-json\/wp\/v2\/product_tag?post=4370"}],"curies":[{"name":"wp","href":"https:\/\/api.w.org\/{rel}","templated":true}]}}