{"id":5582,"date":"2019-08-31T08:38:23","date_gmt":"2019-08-31T08:38:23","guid":{"rendered":"http:\/\/www.lidingogymnastikskola.se\/?post_type=product&amp;p=5582"},"modified":"2019-08-31T08:38:23","modified_gmt":"2019-08-31T08:38:23","slug":"overall-ljusbla","status":"publish","type":"product","link":"https:\/\/jonasmelchersonlab.se\/en\/shop\/overall-ljusbla\/","title":{"rendered":"Coverall in light blue cotton"},"content":{"rendered":"<p>V\u00e5r egen \u00f6verdragsoverall i ljusbl\u00e5 ekologisk och fairtradecertifierad bomull. Anv\u00e4nds till att ha \u00f6ver gymnastikdr\u00e4kten till\/efter tr\u00e4ningen. Finns i storlekarna 90-100 cl, 110-120 cl samt 130-140 cl. Overallen \u00e4r mycket stor i storleken, t.ex \u00e4r ditt barn 130-135 cm rekommenderas storlek 110-120 samt 130-140 passar barn upp till 150 cm.<\/p>","protected":false},"excerpt":{"rendered":"<p>V\u00e5r egen \u00f6verdragsoverall i ljusbl\u00e5 ekologisk och fairtradecertifierad bomull. Anv\u00e4nds till att ha \u00f6ver gymnastikdr\u00e4kten till\/efter tr\u00e4ningen. Finns i storlekarna 90-100 cl, 110-120 cl samt 130-140 cl. Overallen \u00e4r mycket stor i storleken, t.ex \u00e4r ditt barn 130-135 cm rekommenderas storlek 110-120 samt 130-140 passar barn upp till 150 cm.<\/p>","protected":false},"featured_media":7048,"template":"","meta":{"_acf_changed":false},"product_brand":[],"product_cat":[105],"product_tag":[],"class_list":{"0":"post-5582","1":"product","2":"type-product","3":"status-publish","4":"has-post-thumbnail","6":"product_cat-varor","8":"first","9":"instock","10":"taxable","11":"shipping-taxable","12":"purchasable","13":"product-type-variable"},"acf":[],"_links":{"self":[{"href":"https:\/\/jonasmelchersonlab.se\/en\/wp-json\/wp\/v2\/product\/5582","targetHints":{"allow":["GET"]}}],"collection":[{"href":"https:\/\/jonasmelchersonlab.se\/en\/wp-json\/wp\/v2\/product"}],"about":[{"href":"https:\/\/jonasmelchersonlab.se\/en\/wp-json\/wp\/v2\/types\/product"}],"version-history":[{"count":0,"href":"https:\/\/jonasmelchersonlab.se\/en\/wp-json\/wp\/v2\/product\/5582\/revisions"}],"wp:featuredmedia":[{"embeddable":true,"href":"https:\/\/jonasmelchersonlab.se\/en\/wp-json\/wp\/v2\/media\/7048"}],"wp:attachment":[{"href":"https:\/\/jonasmelchersonlab.se\/en\/wp-json\/wp\/v2\/media?parent=5582"}],"wp:term":[{"taxonomy":"product_brand","embeddable":true,"href":"https:\/\/jonasmelchersonlab.se\/en\/wp-json\/wp\/v2\/product_brand?post=5582"},{"taxonomy":"product_cat","embeddable":true,"href":"https:\/\/jonasmelchersonlab.se\/en\/wp-json\/wp\/v2\/product_cat?post=5582"},{"taxonomy":"product_tag","embeddable":true,"href":"https:\/\/jonasmelchersonlab.se\/en\/wp-json\/wp\/v2\/product_tag?post=5582"}],"curies":[{"name":"wp","href":"https:\/\/api.w.org\/{rel}","templated":true}]}}