{"id":5657,"date":"2019-09-18T15:14:27","date_gmt":"2019-09-18T15:14:27","guid":{"rendered":"http:\/\/www.lidingogymnastikskola.se\/?post_type=product&amp;p=5657"},"modified":"2019-09-18T15:14:27","modified_gmt":"2019-09-18T15:14:27","slug":"overdragsjacka","status":"publish","type":"product","link":"https:\/\/jonasmelchersonlab.se\/en\/shop\/overdragsjacka\/","title":{"rendered":"Cover jacket"},"content":{"rendered":"<p>V\u00e5r egen \u00f6verdragsjacka i marinbl\u00e5tt.\u00a0Anv\u00e4nds till att ha \u00f6ver gymnastikdr\u00e4kten till\/efter tr\u00e4ningen samt under uppv\u00e4rmning. Finns i storleken XS (motsvarande 150-160) samt S (motsvarande 170).<\/p>","protected":false},"excerpt":{"rendered":"<p>V\u00e5r egen \u00f6verdragsjacka i marinbl\u00e5tt.\u00a0Anv\u00e4nds till att ha \u00f6ver gymnastikdr\u00e4kten till\/efter tr\u00e4ningen samt under uppv\u00e4rmning. Finns i storleken XS (motsvarande 150-160) samt S (motsvarande 170).<\/p>","protected":false},"featured_media":7039,"template":"","meta":{"_acf_changed":false},"product_brand":[],"product_cat":[105],"product_tag":[],"class_list":{"0":"post-5657","1":"product","2":"type-product","3":"status-publish","4":"has-post-thumbnail","6":"product_cat-varor","8":"first","9":"instock","10":"taxable","11":"shipping-taxable","12":"purchasable","13":"product-type-variable"},"acf":[],"_links":{"self":[{"href":"https:\/\/jonasmelchersonlab.se\/en\/wp-json\/wp\/v2\/product\/5657","targetHints":{"allow":["GET"]}}],"collection":[{"href":"https:\/\/jonasmelchersonlab.se\/en\/wp-json\/wp\/v2\/product"}],"about":[{"href":"https:\/\/jonasmelchersonlab.se\/en\/wp-json\/wp\/v2\/types\/product"}],"version-history":[{"count":0,"href":"https:\/\/jonasmelchersonlab.se\/en\/wp-json\/wp\/v2\/product\/5657\/revisions"}],"wp:featuredmedia":[{"embeddable":true,"href":"https:\/\/jonasmelchersonlab.se\/en\/wp-json\/wp\/v2\/media\/7039"}],"wp:attachment":[{"href":"https:\/\/jonasmelchersonlab.se\/en\/wp-json\/wp\/v2\/media?parent=5657"}],"wp:term":[{"taxonomy":"product_brand","embeddable":true,"href":"https:\/\/jonasmelchersonlab.se\/en\/wp-json\/wp\/v2\/product_brand?post=5657"},{"taxonomy":"product_cat","embeddable":true,"href":"https:\/\/jonasmelchersonlab.se\/en\/wp-json\/wp\/v2\/product_cat?post=5657"},{"taxonomy":"product_tag","embeddable":true,"href":"https:\/\/jonasmelchersonlab.se\/en\/wp-json\/wp\/v2\/product_tag?post=5657"}],"curies":[{"name":"wp","href":"https:\/\/api.w.org\/{rel}","templated":true}]}}