{"id":9491,"date":"2018-09-02T11:06:44","date_gmt":"2018-09-02T11:06:44","guid":{"rendered":"https:\/\/www.lidingogymnastikskola.se\/?post_type=product&amp;p=9491"},"modified":"2018-09-02T11:06:44","modified_gmt":"2018-09-02T11:06:44","slug":"gymnastikdrakt-i-slat-sammet-bla-orange-special-edition","status":"publish","type":"product","link":"https:\/\/jonasmelchersonlab.se\/en\/shop\/gymnastikdrakt-i-slat-sammet-bla-orange-special-edition\/","title":{"rendered":"Gymnastikdr\u00e4kt i sl\u00e4t sammet bl\u00e5-orange l\u00e5ng\u00e4rmad"},"content":{"rendered":"<p class=\"p1\"><span class=\"s1\">V\u00e5r egen gymnastikdr\u00e4kt i sl\u00e4t sammet.\u00a0<\/span><\/p>\n<p class=\"p1\"><span class=\"s1\">Finns i storlekarna 134<\/span><span class=\"s1\"> &#8211; S cl<\/span><span class=\"s1\">. Om ditt barn ligger mellan tv\u00e5 storlekar, v\u00e4lj den st\u00f6rre.<\/span><\/p>","protected":false},"excerpt":{"rendered":"<p class=\"p1\"><span class=\"s1\">V\u00e5r egen gymnastikdr\u00e4kt i sl\u00e4t sammet.<\/span><\/p>\n<p class=\"p1\"><span class=\"s1\">Finns i storlekarna 134 <\/span><span class=\"s1\">&#8211; S<\/span><span class=\"s1\">. Om ditt barn ligger mellan tv\u00e5 storlekar, v\u00e4lj den st\u00f6rre.<\/span><\/p>","protected":false},"featured_media":9899,"template":"","meta":{"_acf_changed":false},"product_brand":[],"product_cat":[105],"product_tag":[],"class_list":{"0":"post-9491","1":"product","2":"type-product","3":"status-publish","4":"has-post-thumbnail","6":"product_cat-varor","8":"first","9":"instock","10":"taxable","11":"shipping-taxable","12":"purchasable","13":"product-type-variable"},"acf":[],"_links":{"self":[{"href":"https:\/\/jonasmelchersonlab.se\/en\/wp-json\/wp\/v2\/product\/9491","targetHints":{"allow":["GET"]}}],"collection":[{"href":"https:\/\/jonasmelchersonlab.se\/en\/wp-json\/wp\/v2\/product"}],"about":[{"href":"https:\/\/jonasmelchersonlab.se\/en\/wp-json\/wp\/v2\/types\/product"}],"version-history":[{"count":0,"href":"https:\/\/jonasmelchersonlab.se\/en\/wp-json\/wp\/v2\/product\/9491\/revisions"}],"wp:featuredmedia":[{"embeddable":true,"href":"https:\/\/jonasmelchersonlab.se\/en\/wp-json\/wp\/v2\/media\/9899"}],"wp:attachment":[{"href":"https:\/\/jonasmelchersonlab.se\/en\/wp-json\/wp\/v2\/media?parent=9491"}],"wp:term":[{"taxonomy":"product_brand","embeddable":true,"href":"https:\/\/jonasmelchersonlab.se\/en\/wp-json\/wp\/v2\/product_brand?post=9491"},{"taxonomy":"product_cat","embeddable":true,"href":"https:\/\/jonasmelchersonlab.se\/en\/wp-json\/wp\/v2\/product_cat?post=9491"},{"taxonomy":"product_tag","embeddable":true,"href":"https:\/\/jonasmelchersonlab.se\/en\/wp-json\/wp\/v2\/product_tag?post=9491"}],"curies":[{"name":"wp","href":"https:\/\/api.w.org\/{rel}","templated":true}]}}