{"id":9502,"date":"2017-02-28T23:00:50","date_gmt":"2017-02-28T23:00:50","guid":{"rendered":"https:\/\/www.lidingogymnastikskola.se\/?post_type=product&amp;p=9502"},"modified":"2017-02-28T23:00:50","modified_gmt":"2017-02-28T23:00:50","slug":"gymnastikdrakt-i-slat-sammet-bla-guld-special-edition","status":"publish","type":"product","link":"https:\/\/jonasmelchersonlab.se\/en\/shop\/gymnastikdrakt-i-slat-sammet-bla-guld-special-edition\/","title":{"rendered":"Gymnastikdr\u00e4kt i sl\u00e4t sammet bl\u00e5-guld l\u00e5ng\u00e4rmad"},"content":{"rendered":"<p class=\"p1\"><span class=\"s1\">V\u00e5r egen gymnastikdr\u00e4kt i sl\u00e4t sammet. Denna dr\u00e4kt \u00e4r exklusiv f\u00f6r de barn som tr\u00e4nar i v\u00e5ra 80-minutersgrupper.\u00a0<\/span><\/p>\n<p class=\"p1\"><span class=\"s1\">Finns i storlekarna 158cl<\/span><span class=\"s1\"> &#8211; S<\/span><span class=\"s1\">. Om ditt barn ligger mellan tv\u00e5 storlekar, v\u00e4lj den st\u00f6rre.<\/span><\/p>","protected":false},"excerpt":{"rendered":"<p class=\"p1\"><span class=\"s1\">V\u00e5r egen gymnastikdr\u00e4kt i sl\u00e4t sammet. V\u00e5r egen gymnastikdr\u00e4kt i sl\u00e4t sammet. Denna dr\u00e4kt \u00e4r exklusiv f\u00f6r de barn som tr\u00e4nar i v\u00e5ra 80-minutersgrupper.\u00a0<\/span><\/p>\n<p class=\"p1\"><span class=\"s1\">Finns i storlekarna 158cl<\/span><span class=\"s1\"> &#8211; S<\/span><span class=\"s1\">. Om ditt barn ligger mellan tv\u00e5 storlekar, v\u00e4lj den st\u00f6rre.<\/span><\/p>","protected":false},"featured_media":9900,"template":"","meta":{"_acf_changed":false},"product_brand":[],"product_cat":[105],"product_tag":[],"class_list":{"0":"post-9502","1":"product","2":"type-product","3":"status-publish","4":"has-post-thumbnail","6":"product_cat-varor","7":"pa_storlek-146-cl","8":"pa_storlek-158-cl","9":"pa_storlek-170-cl","10":"pa_storlek-s","12":"first","13":"outofstock","14":"taxable","15":"shipping-taxable","16":"purchasable","17":"product-type-variable"},"acf":[],"_links":{"self":[{"href":"https:\/\/jonasmelchersonlab.se\/en\/wp-json\/wp\/v2\/product\/9502","targetHints":{"allow":["GET"]}}],"collection":[{"href":"https:\/\/jonasmelchersonlab.se\/en\/wp-json\/wp\/v2\/product"}],"about":[{"href":"https:\/\/jonasmelchersonlab.se\/en\/wp-json\/wp\/v2\/types\/product"}],"version-history":[{"count":0,"href":"https:\/\/jonasmelchersonlab.se\/en\/wp-json\/wp\/v2\/product\/9502\/revisions"}],"wp:featuredmedia":[{"embeddable":true,"href":"https:\/\/jonasmelchersonlab.se\/en\/wp-json\/wp\/v2\/media\/9900"}],"wp:attachment":[{"href":"https:\/\/jonasmelchersonlab.se\/en\/wp-json\/wp\/v2\/media?parent=9502"}],"wp:term":[{"taxonomy":"product_brand","embeddable":true,"href":"https:\/\/jonasmelchersonlab.se\/en\/wp-json\/wp\/v2\/product_brand?post=9502"},{"taxonomy":"product_cat","embeddable":true,"href":"https:\/\/jonasmelchersonlab.se\/en\/wp-json\/wp\/v2\/product_cat?post=9502"},{"taxonomy":"product_tag","embeddable":true,"href":"https:\/\/jonasmelchersonlab.se\/en\/wp-json\/wp\/v2\/product_tag?post=9502"}],"curies":[{"name":"wp","href":"https:\/\/api.w.org\/{rel}","templated":true}]}}